{"id":199,"date":"2016-06-22T09:16:28","date_gmt":"2016-06-22T09:16:28","guid":{"rendered":"http:\/\/stmp.fr\/en\/?page_id=199"},"modified":"2016-06-23T14:39:46","modified_gmt":"2016-06-23T14:39:46","slug":"our-fields-of-activities","status":"publish","type":"page","link":"https:\/\/stmp.fr\/en\/our-fields-of-activities\/","title":{"rendered":"Our fields of activities"},"content":{"rendered":"<div class=\"col-md-6 col-sm-6\">\n<h3 class=\"titre_jaune triangle\">Comp\u00e9tence<\/h3>\n<ul>\n<li>A\u00e9ronautique<\/li>\n<li>Outils de simulateur de transport<\/li>\n<li>Electronique marine<\/li>\n<li>Syst\u00e8mes de s\u00e9curit\u00e9 \u00e9lectronique<\/li>\n<li>Industrie : machines sp\u00e9ciales<\/li>\n<li>T\u00e9l\u00e9communication<\/li>\n<li>Fibre optique<\/li>\n<li>Physique nucl\u00e9aire<\/li>\n<li>M\u00e9dical<\/li>\n<li>Faces avant r\u00e9tro\u00e9clair\u00e9es<\/li>\n<\/ul>\n<\/div>\n<div class=\"col-md-6 col-sm-6\">\n<h3 class=\"titre_jaune\">Design mechanique<\/h3>\n<ul>\n<li>Gabarits de positionnement de soudage (PCB)<\/li>\n<li>Gabarits de montage<\/li>\n<\/ul>\n<p>TopSolid, Solid Edge, Solidworks, Gerbview<\/p>\n<\/div>\n","protected":false},"excerpt":{"rendered":"<p>Comp\u00e9tence A\u00e9ronautique Outils de simulateur de transport Electronique marine Syst\u00e8mes de s\u00e9curit\u00e9 \u00e9lectronique Industrie : machines sp\u00e9ciales T\u00e9l\u00e9communication Fibre optique Physique nucl\u00e9aire M\u00e9dical Faces avant r\u00e9tro\u00e9clair\u00e9es Design mechanique Gabarits de positionnement de soudage (PCB) Gabarits de montage TopSolid, Solid Edge, Solidworks, Gerbview<\/p>\n","protected":false},"author":1,"featured_media":0,"parent":0,"menu_order":0,"comment_status":"closed","ping_status":"closed","template":"","meta":[],"_links":{"self":[{"href":"https:\/\/stmp.fr\/en\/wp-json\/wp\/v2\/pages\/199"}],"collection":[{"href":"https:\/\/stmp.fr\/en\/wp-json\/wp\/v2\/pages"}],"about":[{"href":"https:\/\/stmp.fr\/en\/wp-json\/wp\/v2\/types\/page"}],"author":[{"embeddable":true,"href":"https:\/\/stmp.fr\/en\/wp-json\/wp\/v2\/users\/1"}],"replies":[{"embeddable":true,"href":"https:\/\/stmp.fr\/en\/wp-json\/wp\/v2\/comments?post=199"}],"version-history":[{"count":4,"href":"https:\/\/stmp.fr\/en\/wp-json\/wp\/v2\/pages\/199\/revisions"}],"predecessor-version":[{"id":227,"href":"https:\/\/stmp.fr\/en\/wp-json\/wp\/v2\/pages\/199\/revisions\/227"}],"wp:attachment":[{"href":"https:\/\/stmp.fr\/en\/wp-json\/wp\/v2\/media?parent=199"}],"curies":[{"name":"wp","href":"https:\/\/api.w.org\/{rel}","templated":true}]}}